{"id":421,"date":"2023-10-23T16:55:12","date_gmt":"2023-10-23T14:55:12","guid":{"rendered":"https:\/\/www.hotelplayasolarenal.com\/contacto\/"},"modified":"2025-12-15T17:50:07","modified_gmt":"2025-12-15T15:50:07","slug":"contacto","status":"publish","type":"page","link":"https:\/\/www.hotelplayasolarenal.com\/de\/contacto\/","title":{"rendered":"Kontakt"},"content":{"rendered":"<p>[et_pb_section fb_built=&#8220;1&#8243; _builder_version=&#8220;4.18.0&#8243; _module_preset=&#8220;default&#8220; background_enable_color=&#8220;off&#8220; background_image=&#8220;https:\/\/www.hotelplayasolarenal.com\/wp-content\/uploads\/2023\/11\/iStock-1457724042-e1699884696445.jpg&#8220; parallax=&#8220;on&#8220; parallax_method=&#8220;off&#8220; custom_padding=&#8220;200px||0px||false|false&#8220; locked=&#8220;off&#8220; global_colors_info=&#8220;{}&#8220;][et_pb_row _builder_version=&#8220;4.18.0&#8243; _module_preset=&#8220;default&#8220; background_color=&#8220;#e8b319&#8243; width_tablet=&#8220;&#8220; width_phone=&#8220;100%&#8220; width_last_edited=&#8220;on|phone&#8220; custom_padding=&#8220;||||true|false&#8220; global_colors_info=&#8220;{}&#8220;][et_pb_column type=&#8220;4_4&#8243; _builder_version=&#8220;4.18.0&#8243; _module_preset=&#8220;default&#8220; global_colors_info=&#8220;{}&#8220;][et_pb_text _builder_version=&#8220;4.18.0&#8243; _module_preset=&#8220;1f09816e-184e-4ce5-a4cf-b39c52c423ca&#8220; text_font=&#8220;Open Sans||||||||&#8220; text_text_color=&#8220;#000000&#8243; text_font_size=&#8220;18px&#8220; text_line_height=&#8220;1.9em&#8220; link_text_color=&#8220;#666666&#8243; header_font=&#8220;|700||on|||||&#8220; header_text_align=&#8220;center&#8220; header_text_color=&#8220;#FFFFFF&#8220; header_font_size=&#8220;45px&#8220; header_3_font=&#8220;|700|||||||&#8220; header_3_font_size=&#8220;35px&#8220; width=&#8220;80%&#8220; width_tablet=&#8220;80%&#8220; width_phone=&#8220;100%&#8220; width_last_edited=&#8220;on|phone&#8220; module_alignment=&#8220;center&#8220; text_font_size_tablet=&#8220;15px&#8220; text_font_size_phone=&#8220;18px&#8220; text_font_size_last_edited=&#8220;on|phone&#8220; header_font_size_tablet=&#8220;55px&#8220; header_font_size_last_edited=&#8220;off|desktop&#8220; global_colors_info=&#8220;{}&#8220;]<\/p>\n<div id=\"m4792\" class=\"module text\">\n<h1><span style=\"color: #ffffff;\"><\/span>KONTAKT<\/h1>\n<\/div>\n<p>[\/et_pb_text][\/et_pb_column][\/et_pb_row][\/et_pb_section][et_pb_section fb_built=&#8220;1&#8243; admin_label=&#8220;Rooms&#8220; _builder_version=&#8220;4.18.0&#8243; _module_preset=&#8220;default&#8220; background_color=&#8220;#FFFFFF&#8220; custom_margin=&#8220;50px||||false|false&#8220; custom_padding=&#8220;0px||150px||false|false&#8220; locked=&#8220;off&#8220; global_colors_info=&#8220;{}&#8220;][et_pb_row _builder_version=&#8220;4.18.0&#8243; _module_preset=&#8220;default&#8220; width=&#8220;60%&#8220; width_tablet=&#8220;60%&#8220; width_phone=&#8220;80%&#8220; width_last_edited=&#8220;on|phone&#8220; locked=&#8220;off&#8220; global_colors_info=&#8220;{}&#8220;][et_pb_column type=&#8220;4_4&#8243; _builder_version=&#8220;4.17.6&#8243; _module_preset=&#8220;default&#8220; global_colors_info=&#8220;{}&#8220;][et_pb_text _builder_version=&#8220;4.18.0&#8243; _module_preset=&#8220;1f09816e-184e-4ce5-a4cf-b39c52c423ca&#8220; text_font=&#8220;Open Sans||||||||&#8220; text_text_color=&#8220;#000000&#8243; text_font_size=&#8220;18px&#8220; text_line_height=&#8220;1.9em&#8220; link_text_color=&#8220;#666666&#8243; header_2_text_color=&#8220;#666666&#8243; header_3_text_color=&#8220;#666666&#8243; text_orientation=&#8220;center&#8220; width=&#8220;90%&#8220; module_alignment=&#8220;center&#8220; custom_margin=&#8220;||||false|false&#8220; text_font_size_tablet=&#8220;15px&#8220; text_font_size_phone=&#8220;18px&#8220; text_font_size_last_edited=&#8220;on|phone&#8220; header_font_size_tablet=&#8220;55px&#8220; header_font_size_last_edited=&#8220;off|desktop&#8220; locked=&#8220;off&#8220; global_colors_info=&#8220;{}&#8220;]<\/p>\n<div id=\"m4792\" class=\"module text\">\n<div class=\"flexWrap\">\n<div id=\"m1089\" class=\"module text\" style=\"text-align: center;\">Kontaktieren Sie das <strong>Hotel Playa Sol Arenal<\/strong> in Palma de Mallorca. Wir verf\u00fcgen \u00fcber umfangreiche Einrichtungen, damit Sie einen wunderbaren Aufenthalt genie\u00dfen k\u00f6nnen.<\/div>\n<\/div>\n<\/div>\n<p>[\/et_pb_text][\/et_pb_column][\/et_pb_row][et_pb_row column_structure=&#8220;1_4,1_4,1_4,1_4&#8243; use_custom_gutter=&#8220;on&#8220; gutter_width=&#8220;1&#8243; make_equal=&#8220;on&#8220; custom_padding_last_edited=&#8220;off|desktop&#8220; _builder_version=&#8220;4.18.0&#8243; _module_preset=&#8220;default&#8220; background_color=&#8220;#FFFFFF&#8220; transform_scale_last_edited=&#8220;off|desktop&#8220; transform_translate_tablet=&#8220;0px|80%&#8220; transform_translate_phone=&#8220;0px|0%&#8220; transform_translate_last_edited=&#8220;off|desktop&#8220; transform_rotate_last_edited=&#8220;off|desktop&#8220; transform_skew_last_edited=&#8220;off|desktop&#8220; transform_origin_last_edited=&#8220;off|desktop&#8220; transform_styles_last_edited=&#8220;off|desktop&#8220; z_index=&#8220;10&#8243; width=&#8220;60%&#8220; width_tablet=&#8220;60%&#8220; width_phone=&#8220;80%&#8220; width_last_edited=&#8220;on|phone&#8220; custom_margin=&#8220;||||false|false&#8220; custom_margin_tablet=&#8220;||0vw||false|false&#8220; custom_margin_phone=&#8220;||0vw||false|false&#8220; custom_margin_last_edited=&#8220;on|tablet&#8220; custom_padding=&#8220;20px|10px|20px|10px|true|true&#8220; custom_padding_tablet=&#8220;30px|30px|30px|30px|true|true&#8220; custom_padding_phone=&#8220;||||true|true&#8220; box_shadow_style=&#8220;preset1&#8243; box_shadow_vertical=&#8220;20px&#8220; box_shadow_blur=&#8220;50px&#8220; box_shadow_color=&#8220;rgba(63,22,0,0.2)&#8220; locked=&#8220;off&#8220; global_colors_info=&#8220;{}&#8220;][et_pb_column type=&#8220;1_4&#8243; _builder_version=&#8220;4.18.0&#8243; _module_preset=&#8220;default&#8220; custom_padding=&#8220;20px|20px|20px|20px|true|true&#8220; border_color_all=&#8220;#EBE4DD&#8220; border_width_right=&#8220;2px&#8220; border_width_right_tablet=&#8220;0px&#8220; border_width_right_phone=&#8220;0px&#8220; border_width_right_last_edited=&#8220;on|tablet&#8220; global_colors_info=&#8220;{}&#8220;][et_pb_blurb title=&#8220;Palma de Mallorca, Islas Baleares&#8220; use_icon=&#8220;on&#8220; font_icon=&#8220;&#xf3c5;||fa||900&#8243; icon_color=&#8220;#8c6239&#8243; icon_placement=&#8220;left&#8220; image_icon_width=&#8220;24px&#8220; content_max_width=&#8220;100%&#8220; _builder_version=&#8220;4.18.0&#8243; _module_preset=&#8220;b62950b2-9f88-417a-a624-825d61ec2a3d&#8220; header_font=&#8220;Manrope|700||on|||||&#8220; header_text_color=&#8220;#e8b319&#8243; header_font_size=&#8220;15px&#8220; header_letter_spacing=&#8220;1px&#8220; header_line_height=&#8220;1.4em&#8220; body_text_color=&#8220;#e8b319&#8243; custom_margin=&#8220;10px|||||&#8220; animation=&#8220;off&#8220; locked=&#8220;off&#8220; global_colors_info=&#8220;{}&#8220;][\/et_pb_blurb][\/et_pb_column][et_pb_column type=&#8220;1_4&#8243; _builder_version=&#8220;4.17.6&#8243; _module_preset=&#8220;default&#8220; custom_padding=&#8220;20px|20px|20px|20px|true|true&#8220; border_color_all=&#8220;#EBE4DD&#8220; border_width_right=&#8220;2px&#8220; border_width_right_tablet=&#8220;0px&#8220; border_width_right_phone=&#8220;0px&#8220; border_width_right_last_edited=&#8220;on|tablet&#8220; global_colors_info=&#8220;{}&#8220;][et_pb_blurb title=&#8220;Carretera Militar, 244 07600 &#8220; use_icon=&#8220;on&#8220; font_icon=&#8220;&#xf0b1;||fa||900&#8243; icon_color=&#8220;#8c6239&#8243; icon_placement=&#8220;left&#8220; image_icon_width=&#8220;24px&#8220; content_max_width=&#8220;100%&#8220; _builder_version=&#8220;4.18.0&#8243; _module_preset=&#8220;b62950b2-9f88-417a-a624-825d61ec2a3d&#8220; header_font=&#8220;Manrope|700||on|||||&#8220; header_text_color=&#8220;#e8b319&#8243; header_font_size=&#8220;15px&#8220; header_letter_spacing=&#8220;1px&#8220; header_line_height=&#8220;1.4em&#8220; body_text_color=&#8220;#e8b319&#8243; custom_margin=&#8220;10px|||||&#8220; animation=&#8220;off&#8220; locked=&#8220;off&#8220; global_colors_info=&#8220;{}&#8220;][\/et_pb_blurb][\/et_pb_column][et_pb_column type=&#8220;1_4&#8243; _builder_version=&#8220;4.17.6&#8243; _module_preset=&#8220;default&#8220; custom_padding=&#8220;20px|20px|20px|20px|true|true&#8220; border_color_all=&#8220;#EBE4DD&#8220; border_width_right=&#8220;2px&#8220; border_width_right_tablet=&#8220;0px&#8220; border_width_right_phone=&#8220;0px&#8220; border_width_right_last_edited=&#8220;on|tablet&#8220; global_colors_info=&#8220;{}&#8220;][et_pb_blurb title=&#8220;971 494 006&#8243; use_icon=&#8220;on&#8220; font_icon=&#8220;&#xf879;||fa||900&#8243; icon_color=&#8220;#8c6239&#8243; icon_placement=&#8220;left&#8220; image_icon_width=&#8220;24px&#8220; content_max_width=&#8220;100%&#8220; title_tablet=&#8220;971 494 006&#8243; title_phone=&#8220;971 494 006&#8243; title_last_edited=&#8220;on|desktop&#8220; _builder_version=&#8220;4.18.0&#8243; _module_preset=&#8220;b62950b2-9f88-417a-a624-825d61ec2a3d&#8220; header_font=&#8220;Manrope|700||on|||||&#8220; header_text_color=&#8220;#e8b319&#8243; header_font_size=&#8220;15px&#8220; header_letter_spacing=&#8220;1px&#8220; header_line_height=&#8220;1.4em&#8220; body_text_color=&#8220;#e8b319&#8243; custom_margin=&#8220;10px|||||&#8220; animation=&#8220;off&#8220; locked=&#8220;off&#8220; global_colors_info=&#8220;{}&#8220;][\/et_pb_blurb][et_pb_button button_url=&#8220;tel:971494006&#8243; button_text=&#8220;jetzt anrufen&#8220; button_alignment=&#8220;center&#8220; _builder_version=&#8220;4.18.0&#8243; _module_preset=&#8220;31b4f027-aaa0-4f2f-ae02-959764e19e4f&#8220; custom_button=&#8220;on&#8220; button_text_size=&#8220;15px&#8220; button_text_color=&#8220;#FFFFFF&#8220; button_bg_color=&#8220;#72502c&#8220; button_border_width=&#8220;0px&#8220; button_border_radius=&#8220;0px&#8220; button_font=&#8220;|||on|||||&#8220; button_use_icon=&#8220;off&#8220; custom_padding=&#8220;2px|25px|2px|25px|true|true&#8220; global_colors_info=&#8220;{}&#8220;][\/et_pb_button][\/et_pb_column][et_pb_column type=&#8220;1_4&#8243; _builder_version=&#8220;4.18.0&#8243; _module_preset=&#8220;default&#8220; custom_padding=&#8220;35px|20px|35px|20px|true|true&#8220; border_width_right_tablet=&#8220;0px&#8220; border_width_right_phone=&#8220;0px&#8220; border_width_right_last_edited=&#8220;on|tablet&#8220; global_colors_info=&#8220;{}&#8220; button_text_size_last_edited=&#8220;on|desktop&#8220; button_text_size_tablet=&#8220;14px&#8220; button_text_size_phone=&#8220;14px&#8220;][et_pb_blurb title=&#8220;info@playasolmallorca.com&#8220; use_icon=&#8220;on&#8220; font_icon=&#8220;&#xf1fa;||fa||900&#8243; icon_color=&#8220;#8c6239&#8243; icon_placement=&#8220;left&#8220; image_icon_width=&#8220;24px&#8220; content_max_width=&#8220;100%&#8220; title_tablet=&#8220;971 494 006&#8243; title_phone=&#8220;971 494 006&#8243; title_last_edited=&#8220;off|desktop&#8220; _builder_version=&#8220;4.18.0&#8243; _module_preset=&#8220;b62950b2-9f88-417a-a624-825d61ec2a3d&#8220; header_font=&#8220;Manrope|700||on|||||&#8220; header_text_color=&#8220;#e8b319&#8243; header_font_size=&#8220;15px&#8220; header_letter_spacing=&#8220;1px&#8220; header_line_height=&#8220;1.4em&#8220; body_text_color=&#8220;#e8b319&#8243; custom_margin=&#8220;10px|||||&#8220; animation=&#8220;off&#8220; hover_enabled=&#8220;0&#8243; locked=&#8220;off&#8220; global_colors_info=&#8220;{}&#8220; url=&#8220;mailto:info@playasolmallorca.com&#8220; sticky_enabled=&#8220;0&#8243;][\/et_pb_blurb][\/et_pb_column][\/et_pb_row][\/et_pb_section]<\/p>\n","protected":false},"excerpt":{"rendered":"<p>KONTAKT Kontaktieren Sie das Hotel Playa Sol Arenal in Palma de Mallorca. Wir verf\u00fcgen \u00fcber umfangreiche Einrichtungen, damit Sie einen wunderbaren Aufenthalt genie\u00dfen k\u00f6nnen.<\/p>\n","protected":false},"author":1,"featured_media":0,"parent":0,"menu_order":0,"comment_status":"closed","ping_status":"closed","template":"","meta":{"_et_pb_use_builder":"on","_et_pb_old_content":"<!-- wp:divi\/placeholder \/-->","_et_gb_content_width":"","footnotes":""},"class_list":["post-421","page","type-page","status-publish","hentry"],"_links":{"self":[{"href":"https:\/\/www.hotelplayasolarenal.com\/de\/wp-json\/wp\/v2\/pages\/421","targetHints":{"allow":["GET"]}}],"collection":[{"href":"https:\/\/www.hotelplayasolarenal.com\/de\/wp-json\/wp\/v2\/pages"}],"about":[{"href":"https:\/\/www.hotelplayasolarenal.com\/de\/wp-json\/wp\/v2\/types\/page"}],"author":[{"embeddable":true,"href":"https:\/\/www.hotelplayasolarenal.com\/de\/wp-json\/wp\/v2\/users\/1"}],"replies":[{"embeddable":true,"href":"https:\/\/www.hotelplayasolarenal.com\/de\/wp-json\/wp\/v2\/comments?post=421"}],"version-history":[{"count":14,"href":"https:\/\/www.hotelplayasolarenal.com\/de\/wp-json\/wp\/v2\/pages\/421\/revisions"}],"predecessor-version":[{"id":1777,"href":"https:\/\/www.hotelplayasolarenal.com\/de\/wp-json\/wp\/v2\/pages\/421\/revisions\/1777"}],"wp:attachment":[{"href":"https:\/\/www.hotelplayasolarenal.com\/de\/wp-json\/wp\/v2\/media?parent=421"}],"curies":[{"name":"wp","href":"https:\/\/api.w.org\/{rel}","templated":true}]}}